{"id":2,"date":"2012-02-26T09:57:48","date_gmt":"2012-02-26T09:57:48","guid":{"rendered":""},"modified":"2014-04-02T09:47:56","modified_gmt":"2014-04-02T08:47:56","slug":"beispiel-seite","status":"publish","type":"page","link":"https:\/\/www.bergrettung-serfaus.com\/blog\/beispiel-seite\/","title":{"rendered":"\u00dcber uns"},"content":{"rendered":"<p align=\"center\"><strong><span style=\"font-size: medium;\"><span style=\"text-decoration: underline;\">Zur Gr\u00fcndungsgeschichte der Ortstelle \u00a0<\/span><\/span><\/strong><\/p>\n<p align=\"left\">Die Ortsstelle Serfaus feierte 1996 ihr <strong>70. Bestandsjahr<\/strong> mit der Einweihung des neuen Bergrettungslokales.\u00a0\u00a0Die 70 Jahre gehen aus aus einem Bestandsverzeichnis der Rettungs- und Meldestellen\u00a0 nach dem Stande vom 15. Juni 1926 hervor:<br \/>\nSerfaus F(= Funkstation) &#8211; Leiter:Franz V\u00f6gele, Gastwirt zum Schwarzen Adler . Stellvertreter:Josef Lechleitner.<\/p>\n<p align=\"left\">Mst (=Meldestelle) 1. Fiss (Gastwirtschaft Kofler) F.<\/p>\n<p align=\"left\">Im Jahre 1926 mietete auch der Touristenklub aus Innsbruck eine Holzbaracke auf Komperdell und somit kamen einige Bergsteiger in unser Gebiet.\u00a0\u00a0Nach dem Bau des K\u00f6lnerhauses in den Jahren 1928 -1929, nahm die Zahl der wanderfreudigen Touristen st\u00e4ndig zu.\u00a0\u00a0Johann Purtscher, der 1931 die Bergf\u00fchrerpr\u00fcfung ablegte, \u00a0wurde 1932 als Ortsstellenleiter bestimmt.\u00a0\u00a0Dem jungen Bergf\u00fchrer und Schilehrer standen noch Vinzenz Lenz, Ernst Traxl, Siegmund Pinzger,\u00a0 Josef Thurnes,\u00a0 Karl Purtscher,\u00a0 Siegmund Tschuggmall,\u00a0 Franz Tschuggmall, Franz Greil,\u00a0 Alfons Purtscher,\u00a0Wilhelm Oberacher und Fritz Wotawa zur Seite.<\/p>\n<p align=\"center\"><strong>Die Gr\u00fcndungsmitglieder!<\/strong>\u00a0\u00a0<a href=\"https:\/\/www.bergrettung-serfaus.com\/blog\/wp-content\/uploads\/gruendungsmgl.jpg\"><img loading=\"lazy\" class=\"aligncenter size-full wp-image-6\" title=\"Gr\u00fcndungsmitglieder der BR-Serfaus\" alt=\"\" src=\"https:\/\/www.bergrettung-serfaus.com\/blog\/wp-content\/uploads\/gruendungsmgl.jpg\" width=\"250\" height=\"182\" \/><\/a><\/p>\n<p style=\"text-align: center;\" align=\"center\">\u00a0<strong><span style=\"font-size: x-small;\">Von links nach rechts: <\/span><\/strong><span style=\"font-size: x-small;\">Alfons Purtscher,\u00a0 Franz Tschuggmall, <\/span><span style=\"font-size: x-small;\">Vinzenz Lenz und Johann Purtscher <\/span><\/p>\n<p align=\"left\">Die notd\u00fcrftigsten,\u00a0 aber wichtigsten Rettungsger\u00e4te waren im Gasthaus Schwarzer Adler,\u00a0 das auch als gekennzeichnete Meldestelle galt, untergebracht. Eine weitere Meldestelle war das K\u00f6lnerhaus, eine Schutzh\u00fctte der Sektion Rheinland-K\u00f6ln des DAV.\u00a0\u00a0Zu dieser Zeit unterlag der Rettungsdienst dem Deutschen und \u00d6sterreichischen Alpenverein.\u00a0\u00a01946 wurde der \u00f6sterreichische Bergrettungsdienst(\u00d6BRD) als selbst\u00e4ndiger Verein gegr\u00fcndet und die bestehenden Ortsstellen von ihm \u00fcbernommen.<\/p>\n<p align=\"left\">24 Jahre leitete Johann Purtscher die Ortstelle. 1956 \u00fcbernahm Vinzenz Lenz, der auch als Bergf\u00fchrer t\u00e4tig war, \u00a0diese Funktion.\u00a0 Nach 20-j\u00e4hriger T\u00e4tigkeit legte er 1976 sein Amt aus Alters- und Gesundheitsgr\u00fcnden zur\u00fcck.<\/p>\n<p align=\"left\">Danach wurde die Ortsstelle von Max Tschuggmall geleitet. Max hat mit bescheidenen Anf\u00e4ngen die Leitung der Ortsstelle \u00fcbernommen und seither mit viel Geschick und Engagement gef\u00fchrt.\u00a0 F\u00fcr diese T\u00e4tigkeit und f\u00fcr die Arbeit und den Eins\u00e4tzen mit seinem Lawinenhund erhielt er die Ehrenmitgliedschaft des \u00d6BRD Landesleitung Tirol. F\u00fcr 25 Jahre Einsatzleitert\u00e4tigkeit erhielt Alois Mark das Ehrenzeichen des \u00d6BRD Landesleitung Tirol.<\/p>\n<p align=\"left\">Bei der <strong>Jahreshauptversammlung am 03.November 2007<\/strong> \u00a0legten der Ortsstellenleiter Max Tschuggmall und der Schriftf\u00fchrer Alfred Hochenegger nach 31 Jahren ihre T\u00e4tigkeit im Ausschuss zur\u00fcck. Als Dank f\u00fcr diese langj\u00e4hrige Arbeit wurde ihnen von der Landesleitung Tirol des \u00d6sterr. Bergrettungsdienstes eine Ehrenurkunde und ein Ehrenzeichen durch den Bezirksleiter Stefan Siegele \u00fcberreicht.<\/p>\n<p align=\"left\">\u00a0Als neuer Ortsstellenleiter wurde Kurt Klinec gew\u00e4hlt. Dieser leitet seither die Geschicke der Bergrettung Serfaus&#8230;.<\/p>\n<p>&nbsp;<\/p>\n","protected":false},"excerpt":{"rendered":"<p>Zur Gr\u00fcndungsgeschichte der Ortstelle \u00a0 Die Ortsstelle Serfaus feierte 1996 ihr 70. Bestandsjahr mit der Einweihung des neuen Bergrettungslokales.\u00a0\u00a0Die 70 Jahre gehen aus aus einem Bestandsverzeichnis der Rettungs- und Meldestellen\u00a0 nach dem Stande vom 15. Juni 1926 hervor: Serfaus F(= &hellip; <a href=\"https:\/\/www.bergrettung-serfaus.com\/blog\/beispiel-seite\/\">Weiterlesen <span class=\"meta-nav\">&rarr;<\/span><\/a><\/p>\n","protected":false},"author":12,"featured_media":0,"parent":0,"menu_order":0,"comment_status":"closed","ping_status":"open","template":"","meta":[],"_links":{"self":[{"href":"https:\/\/www.bergrettung-serfaus.com\/blog\/wp-json\/wp\/v2\/pages\/2"}],"collection":[{"href":"https:\/\/www.bergrettung-serfaus.com\/blog\/wp-json\/wp\/v2\/pages"}],"about":[{"href":"https:\/\/www.bergrettung-serfaus.com\/blog\/wp-json\/wp\/v2\/types\/page"}],"author":[{"embeddable":true,"href":"https:\/\/www.bergrettung-serfaus.com\/blog\/wp-json\/wp\/v2\/users\/12"}],"replies":[{"embeddable":true,"href":"https:\/\/www.bergrettung-serfaus.com\/blog\/wp-json\/wp\/v2\/comments?post=2"}],"version-history":[{"count":7,"href":"https:\/\/www.bergrettung-serfaus.com\/blog\/wp-json\/wp\/v2\/pages\/2\/revisions"}],"predecessor-version":[{"id":569,"href":"https:\/\/www.bergrettung-serfaus.com\/blog\/wp-json\/wp\/v2\/pages\/2\/revisions\/569"}],"wp:attachment":[{"href":"https:\/\/www.bergrettung-serfaus.com\/blog\/wp-json\/wp\/v2\/media?parent=2"}],"curies":[{"name":"wp","href":"https:\/\/api.w.org\/{rel}","templated":true}]}}