{"id":258,"date":"2012-03-03T08:19:53","date_gmt":"2012-03-03T08:19:53","guid":{"rendered":"http:\/\/www.bergrettung-serfaus.com\/blog\/?page_id=258"},"modified":"2017-09-17T08:26:55","modified_gmt":"2017-09-17T07:26:55","slug":"foerderer","status":"publish","type":"page","link":"https:\/\/www.bergrettung-serfaus.com\/blog\/foerderer\/","title":{"rendered":"F\u00f6rderer"},"content":{"rendered":"<p><strong>Wir bedanken uns bei allen F\u00f6rderern und G\u00f6nnern f\u00fcr die gro\u00dfz\u00fcgige Unterst\u00fctzung!<\/strong><\/p>\n<p>&nbsp;<\/p>\n<p>&nbsp;<\/p>\n<p>&nbsp;<\/p>\n<p><strong>\u00a0 <\/strong><\/p>\n","protected":false},"excerpt":{"rendered":"<p>Wir bedanken uns bei allen F\u00f6rderern und G\u00f6nnern f\u00fcr die gro\u00dfz\u00fcgige Unterst\u00fctzung! &nbsp; &nbsp; &nbsp; \u00a0<\/p>\n","protected":false},"author":12,"featured_media":0,"parent":0,"menu_order":98,"comment_status":"closed","ping_status":"open","template":"","meta":[],"_links":{"self":[{"href":"https:\/\/www.bergrettung-serfaus.com\/blog\/wp-json\/wp\/v2\/pages\/258"}],"collection":[{"href":"https:\/\/www.bergrettung-serfaus.com\/blog\/wp-json\/wp\/v2\/pages"}],"about":[{"href":"https:\/\/www.bergrettung-serfaus.com\/blog\/wp-json\/wp\/v2\/types\/page"}],"author":[{"embeddable":true,"href":"https:\/\/www.bergrettung-serfaus.com\/blog\/wp-json\/wp\/v2\/users\/12"}],"replies":[{"embeddable":true,"href":"https:\/\/www.bergrettung-serfaus.com\/blog\/wp-json\/wp\/v2\/comments?post=258"}],"version-history":[{"count":9,"href":"https:\/\/www.bergrettung-serfaus.com\/blog\/wp-json\/wp\/v2\/pages\/258\/revisions"}],"predecessor-version":[{"id":833,"href":"https:\/\/www.bergrettung-serfaus.com\/blog\/wp-json\/wp\/v2\/pages\/258\/revisions\/833"}],"wp:attachment":[{"href":"https:\/\/www.bergrettung-serfaus.com\/blog\/wp-json\/wp\/v2\/media?parent=258"}],"curies":[{"name":"wp","href":"https:\/\/api.w.org\/{rel}","templated":true}]}}