{"id":59,"date":"2012-02-26T12:40:12","date_gmt":"2012-02-26T12:40:12","guid":{"rendered":"http:\/\/www.bergrettung-serfaus.com\/blog\/?page_id=59"},"modified":"2022-02-18T09:47:11","modified_gmt":"2022-02-18T08:47:11","slug":"kontaktimpressum","status":"publish","type":"page","link":"https:\/\/www.bergrettung-serfaus.com\/blog\/kontaktimpressum\/","title":{"rendered":"Kontakt"},"content":{"rendered":"<p><strong>Bergrettung Serfaus<\/strong><br \/>\nGewerbepark<br \/>\n6534 Serfaus\/Tirol<br \/>\nTel: 05476 \/ 6152 (Bergrettungsheim\/Ger\u00e4teraum)<br \/>\nEmail: <a href=\"mailto:serfaus@bergrettung-tirol.com?subject=Anfrage von Bergrettungshomepage\">serfaus@bergrettung-tirol.com<\/a><\/p>\n<p align=\"left\"><strong><a href=\"http:\/\/www.disclaimer.de\/disclaimer.htm?farbe=FFFFFF\/000000\/000000\/000000\">Disclaimer<\/a><\/strong><\/p>\n<p align=\"left\">Unsere Datenschutzerkl\u00e4rung finden Sie unter:<br \/>\n<a href=\"https:\/\/www.bergrettung-serfaus.com\/blog\/datenschutz\/\">https:\/\/www.bergrettung-serfaus.com\/blog\/datenschutz\/<\/a><\/p>\n<hr \/>\n<p><strong>Verwendung von Facebook Social Plugins<\/strong><\/p>\n<p>Unser Internetauftritt verwendet\u00a0Social Plugins (\u201cPlugins\u201d) des sozialen Netzwerkes facebook.com, welches von der Facebook Inc., 1601 S. California Ave, Palo Alto, CA 94304, USA betrieben wird (\u201cFacebook\u201d).\u00a0Die Plugins sind an einem der Facebook Logos erkennbar (wei\u00dfes \u201ef\u201c auf blauer Kachel oder ein \u201eDaumen hoch\u201c-Zeichen)<br \/>\noder sind mit dem Zusatz \u201cFacebook Social Plugin\u201d gekennzeichnet. Die Liste und das Aussehen der Facebook Social Plugins kann hier eingesehen werden:\u00a0<a href=\"https:\/\/developers.facebook.com\/docs\/plugins\/page-plugin\">https:\/\/developers.facebook.com\/docs\/plugins\/page-plugin<\/a><\/p>\n<p>Wenn Sie eine Webseite unseres Internetauftritts aufrufen, die ein solches Plugin enth\u00e4lt, baut Ihr Browser eine direkte Verbindung mit den Servern von Facebook auf. Der Inhalt des Plugins wird von Facebook direkt an Ihren Browser \u00fcbermittelt und von diesem in die Webseite eingebunden.<br \/>\nWir haben daher keinen Einfluss auf den Umfang der Daten, die Facebook mit Hilfe dieses Plugins erhebt und informieren Sie daher entsprechend unserem Kenntnisstand:<br \/>\nDurch die Einbindung der Plugins erh\u00e4lt Facebook die Information, dass Sie die entsprechende Seite unseres Internetauftritts aufgerufen haben. Sind Sie bei Facebook eingeloggt, kann Facebook den Besuch Ihrem Facebook-Konto zuordnen. Wenn Sie mit den Plugins interagieren, zum Beispiel den Like Button bet\u00e4tigen oder einen Kommentar abgeben, wird die entsprechende Information von<br \/>\nIhrem Browser direkt an Facebook \u00fcbermittelt und dort gespeichert. Falls Sie kein Mitglied von Facebook sind, besteht trotzdem die M\u00f6glichkeit, dass Facebook Ihre IP-Adresse in Erfahrung bringt und speichert. Zweck und Umfang der Datenerhebung und die weitere Verarbeitung und Nutzung der Daten durch Facebook sowie Ihre diesbez\u00fcglichen Rechte und Einstellungsm\u00f6glichkeiten zum Schutz Ihrer Privatssph\u00e4re entnehmen Sie bitte den Datenschutzhinweisen von Facebook unter:\u00a0<a href=\"http:\/\/www.facebook.com\/policy.php\">www.facebook.com\/policy.php<\/a>. Wenn Sie Facebookmitglied sind und nicht m\u00f6chten, dass Facebook \u00fcber unseren Internetauftritt Daten \u00fcber Sie sammelt und mit Ihren bei Facebook gespeicherten Mitgliedsdaten verkn\u00fcpft, m\u00fcssen<br \/>\nSie sich vor Ihrem Besuch unseres Internetauftritts bei Facebook ausloggen.<br \/>\nEbenfalls ist es m\u00f6glich Facebook-Social-Plugins mit Add-ons f\u00fcr Ihren Browser zu blocken, zum Beispiel mit dem \u201eFacebook Blocker\u201c.<\/p>\n","protected":false},"excerpt":{"rendered":"<p>Bergrettung Serfaus Gewerbepark 6534 Serfaus\/Tirol Tel: 05476 \/ 6152 (Bergrettungsheim\/Ger\u00e4teraum) Email: serfaus@bergrettung-tirol.com Disclaimer Unsere Datenschutzerkl\u00e4rung finden Sie unter: https:\/\/www.bergrettung-serfaus.com\/blog\/datenschutz\/ Verwendung von Facebook Social Plugins Unser Internetauftritt verwendet\u00a0Social Plugins (\u201cPlugins\u201d) des sozialen Netzwerkes facebook.com, welches von der Facebook Inc., 1601 S. &hellip; <a href=\"https:\/\/www.bergrettung-serfaus.com\/blog\/kontaktimpressum\/\">Weiterlesen <span class=\"meta-nav\">&rarr;<\/span><\/a><\/p>\n","protected":false},"author":12,"featured_media":0,"parent":0,"menu_order":99,"comment_status":"closed","ping_status":"open","template":"","meta":[],"_links":{"self":[{"href":"https:\/\/www.bergrettung-serfaus.com\/blog\/wp-json\/wp\/v2\/pages\/59"}],"collection":[{"href":"https:\/\/www.bergrettung-serfaus.com\/blog\/wp-json\/wp\/v2\/pages"}],"about":[{"href":"https:\/\/www.bergrettung-serfaus.com\/blog\/wp-json\/wp\/v2\/types\/page"}],"author":[{"embeddable":true,"href":"https:\/\/www.bergrettung-serfaus.com\/blog\/wp-json\/wp\/v2\/users\/12"}],"replies":[{"embeddable":true,"href":"https:\/\/www.bergrettung-serfaus.com\/blog\/wp-json\/wp\/v2\/comments?post=59"}],"version-history":[{"count":24,"href":"https:\/\/www.bergrettung-serfaus.com\/blog\/wp-json\/wp\/v2\/pages\/59\/revisions"}],"predecessor-version":[{"id":944,"href":"https:\/\/www.bergrettung-serfaus.com\/blog\/wp-json\/wp\/v2\/pages\/59\/revisions\/944"}],"wp:attachment":[{"href":"https:\/\/www.bergrettung-serfaus.com\/blog\/wp-json\/wp\/v2\/media?parent=59"}],"curies":[{"name":"wp","href":"https:\/\/api.w.org\/{rel}","templated":true}]}}